{"id":8,"date":"2022-06-06T16:33:45","date_gmt":"2022-06-06T16:33:45","guid":{"rendered":"http:\/\/studioluma.pl\/?page_id=2"},"modified":"2022-06-06T16:33:45","modified_gmt":"2022-06-06T16:33:45","slug":"atrakcyjny-hotel-dla-rodziny","status":"publish","type":"page","link":"https:\/\/studioluma.pl\/index.php\/atrakcyjny-hotel-dla-rodziny\/","title":{"rendered":"Atrakcyjny hotel dla rodziny"},"content":{"rendered":"\n<p>Grand Chotowa to wspania\u0142y wyb\u00f3r dla rodzin, kt\u00f3re doceniaj\u0105 udogodnienia takie jak basen kryty, \u0142a\u017ania turecka i \u0142a\u017ania parowa.<\/p>\n\n\n\n<p>W pokojach Grand Chotowa dost\u0119pne s\u0105 telewizor LCD, Wi-Fi, sejf na laptopa, \u017celazko z desk\u0105 do prasowania i mini bar. Hotel oddaje do u\u017cytku go\u015bci pokoje o wyrafinowanym wn\u0119trzem, wyposa\u017cone w \u0142azienk\u0119 z suszark\u0105 do w\u0142os\u00f3w, prysznicem i bezp\u0142atnymi przyborami toaletowymi. W restauracji mo\u017cna spr\u00f3bowa\u0107 mi\u0119dzynarodowej kuchni. Go\u015bcie mog\u0105 odpocz\u0105\u0107 w kawiarni.<\/p>\n\n\n\n<p>Zabawy dla dzieci w hoteluZabawy dla dzieci w hotelu Grand Chotowa: \u2022 Piaskownica z piaskiem \u2022 Plac zabaw ze zje\u017cd\u017calniami i hu\u015btawkami \u2022 Zje\u017cd\u017calnie wodne \u2022 Basen z kulkami \u2022 Kr\u0119gielnia \u2022 Sala gier \u2022 Bilard \u2022 Jazda konna \u2022 Kino 5D \u2022 Park linowy \u2022 Szko\u0142a jazdy na rowerze \u2022 Quady \u2022 Wypo\u017cyczalnia rower\u00f3w \u2022 Jazda na koniu Grand Chotowa w Polsce \u2022 Piaskownica z piaskiem \u2022 Plac zabaw ze zje\u017cd\u017calniami i hu\u015btawkami \u2022 Zje\u017cd\u017calnie wodne \u2022 Basen z kulkami \u2022 Kr\u0119gielnia \u2022 Sala gier \u2022 Bilard \u2022 Jazda konna \u2022 Kino 5D \u2022 Park linowy \u2022 Szko\u0142a jazdy na rowerze \u2022 Quady \u2022 Wypo\u017cyczalnia rower\u00f3w \u2022 Jazda na koniu<\/p>\n","protected":false},"excerpt":{"rendered":"<p>Grand Chotowa to wspania\u0142y wyb\u00f3r dla rodzin, kt\u00f3re doceniaj\u0105 udogodnienia takie jak basen kryty, \u0142a\u017ania turecka i \u0142a\u017ania parowa. W pokojach Grand Chotowa dost\u0119pne s\u0105 telewizor LCD, Wi-Fi, sejf na laptopa, \u017celazko z desk\u0105 do prasowania i mini bar. Hotel oddaje do u\u017cytku go\u015bci pokoje o wyrafinowanym wn\u0119trzem, wyposa\u017cone w \u0142azienk\u0119 z suszark\u0105 do w\u0142os\u00f3w, &hellip; <a href=\"https:\/\/studioluma.pl\/index.php\/atrakcyjny-hotel-dla-rodziny\/\" class=\"more-link\">Czytaj dalej <span class=\"screen-reader-text\">Atrakcyjny hotel dla rodziny<\/span><\/a><\/p>\n","protected":false},"author":1,"featured_media":0,"parent":0,"menu_order":0,"comment_status":"closed","ping_status":"closed","template":"","meta":{"footnotes":""},"class_list":["post-8","page","type-page","status-publish","hentry"],"_links":{"self":[{"href":"https:\/\/studioluma.pl\/index.php\/wp-json\/wp\/v2\/pages\/8","targetHints":{"allow":["GET"]}}],"collection":[{"href":"https:\/\/studioluma.pl\/index.php\/wp-json\/wp\/v2\/pages"}],"about":[{"href":"https:\/\/studioluma.pl\/index.php\/wp-json\/wp\/v2\/types\/page"}],"author":[{"embeddable":true,"href":"https:\/\/studioluma.pl\/index.php\/wp-json\/wp\/v2\/users\/1"}],"replies":[{"embeddable":true,"href":"https:\/\/studioluma.pl\/index.php\/wp-json\/wp\/v2\/comments?post=8"}],"version-history":[{"count":0,"href":"https:\/\/studioluma.pl\/index.php\/wp-json\/wp\/v2\/pages\/8\/revisions"}],"wp:attachment":[{"href":"https:\/\/studioluma.pl\/index.php\/wp-json\/wp\/v2\/media?parent=8"}],"curies":[{"name":"wp","href":"https:\/\/api.w.org\/{rel}","templated":true}]}}